{"id":3577,"date":"2017-05-25T16:53:52","date_gmt":"2017-05-25T16:53:52","guid":{"rendered":"http:\/\/abressa.com\/catalogo\/sin%20categorizar\/w-140-x\/"},"modified":"2020-10-01T08:59:45","modified_gmt":"2020-10-01T08:59:45","slug":"w-140-x","status":"publish","type":"product","link":"https:\/\/abressa.com\/fr\/catalogue\/terrazzo-et-beton\/segments-terrazzo-et-beton\/w-140-x\/","title":{"rendered":"W-140-X"},"content":{"rendered":"","protected":false},"excerpt":{"rendered":"","protected":false},"featured_media":3581,"comment_status":"closed","ping_status":"closed","template":"","meta":{"_acf_changed":false},"product_brand":[],"product_cat":[156,160,162,166],"product_tag":[],"class_list":{"0":"post-3577","1":"product","2":"type-product","3":"status-publish","4":"has-post-thumbnail","6":"product_cat-segments-granit","7":"product_cat-segments-quartz","8":"product_cat-segments-ceramique","9":"product_cat-segments-terrazzo-et-beton","10":"pa_acabado-polissage","11":"pa_conexion-fickert","12":"pa_longitud-longueur-140mm","14":"first","15":"instock","16":"shipping-taxable","17":"product-type-simple"},"acf":[],"yoast_head":"<!-- This site is optimized with the Yoast SEO plugin v26.9 - https:\/\/yoast.com\/product\/yoast-seo-wordpress\/ -->\n<title>W-140-X - M\u00e1rmol y calizas - Abressa Group<\/title>\n<meta name=\"robots\" content=\"index, follow, max-snippet:-1, max-image-preview:large, max-video-preview:-1\" \/>\n<link rel=\"canonical\" href=\"https:\/\/abressa.com\/fr\/catalogue\/terrazzo-et-beton\/segments-terrazzo-et-beton\/w-140-x\/\" \/>\n<meta property=\"og:locale\" content=\"fr_FR\" \/>\n<meta property=\"og:type\" content=\"article\" \/>\n<meta property=\"og:title\" content=\"W-140-X - M\u00e1rmol y calizas - Abressa Group\" \/>\n<meta property=\"og:url\" content=\"https:\/\/abressa.com\/fr\/catalogue\/terrazzo-et-beton\/segments-terrazzo-et-beton\/w-140-x\/\" \/>\n<meta property=\"og:site_name\" content=\"M\u00e1rmol y calizas - Abressa Group\" \/>\n<meta property=\"article:modified_time\" content=\"2020-10-01T08:59:45+00:00\" \/>\n<meta property=\"og:image\" content=\"https:\/\/abressa.com\/wp-content\/uploads\/2017\/05\/Foto-0140-W-140-X-1.jpg\" \/>\n\t<meta property=\"og:image:width\" content=\"1024\" \/>\n\t<meta property=\"og:image:height\" content=\"768\" \/>\n\t<meta property=\"og:image:type\" content=\"image\/jpeg\" \/>\n<meta name=\"twitter:card\" content=\"summary_large_image\" \/>\n<script type=\"application\/ld+json\" class=\"yoast-schema-graph\">{\"@context\":\"https:\/\/schema.org\",\"@graph\":[{\"@type\":\"WebPage\",\"@id\":\"https:\/\/abressa.com\/fr\/catalogue\/terrazzo-et-beton\/segments-terrazzo-et-beton\/w-140-x\/\",\"url\":\"https:\/\/abressa.com\/fr\/catalogue\/terrazzo-et-beton\/segments-terrazzo-et-beton\/w-140-x\/\",\"name\":\"W-140-X - M\u00e1rmol y calizas - Abressa Group\",\"isPartOf\":{\"@id\":\"https:\/\/abressa.com\/#website\"},\"primaryImageOfPage\":{\"@id\":\"https:\/\/abressa.com\/fr\/catalogue\/terrazzo-et-beton\/segments-terrazzo-et-beton\/w-140-x\/#primaryimage\"},\"image\":{\"@id\":\"https:\/\/abressa.com\/fr\/catalogue\/terrazzo-et-beton\/segments-terrazzo-et-beton\/w-140-x\/#primaryimage\"},\"thumbnailUrl\":\"https:\/\/abressa.com\/wp-content\/uploads\/2017\/05\/Foto-0140-W-140-X-1.jpg\",\"datePublished\":\"2017-05-25T16:53:52+00:00\",\"dateModified\":\"2020-10-01T08:59:45+00:00\",\"breadcrumb\":{\"@id\":\"https:\/\/abressa.com\/fr\/catalogue\/terrazzo-et-beton\/segments-terrazzo-et-beton\/w-140-x\/#breadcrumb\"},\"inLanguage\":\"fr-FR\",\"potentialAction\":[{\"@type\":\"ReadAction\",\"target\":[\"https:\/\/abressa.com\/fr\/catalogue\/terrazzo-et-beton\/segments-terrazzo-et-beton\/w-140-x\/\"]}]},{\"@type\":\"ImageObject\",\"inLanguage\":\"fr-FR\",\"@id\":\"https:\/\/abressa.com\/fr\/catalogue\/terrazzo-et-beton\/segments-terrazzo-et-beton\/w-140-x\/#primaryimage\",\"url\":\"https:\/\/abressa.com\/wp-content\/uploads\/2017\/05\/Foto-0140-W-140-X-1.jpg\",\"contentUrl\":\"https:\/\/abressa.com\/wp-content\/uploads\/2017\/05\/Foto-0140-W-140-X-1.jpg\",\"width\":1024,\"height\":768},{\"@type\":\"BreadcrumbList\",\"@id\":\"https:\/\/abressa.com\/fr\/catalogue\/terrazzo-et-beton\/segments-terrazzo-et-beton\/w-140-x\/#breadcrumb\",\"itemListElement\":[{\"@type\":\"ListItem\",\"position\":1,\"name\":\"Portada\",\"item\":\"https:\/\/abressa.com\/fr\/\"},{\"@type\":\"ListItem\",\"position\":2,\"name\":\"Catalogue\",\"item\":\"https:\/\/abressa.com\/fr\/catalogue\/\"},{\"@type\":\"ListItem\",\"position\":3,\"name\":\"W-140-X\"}]},{\"@type\":\"WebSite\",\"@id\":\"https:\/\/abressa.com\/#website\",\"url\":\"https:\/\/abressa.com\/\",\"name\":\"M\u00e1rmol y calizas - Abressa Group\",\"description\":\"Fabricaci\u00f3n y comercializaci\u00f3n de muelas abrasivas\",\"publisher\":{\"@id\":\"https:\/\/abressa.com\/#organization\"},\"potentialAction\":[{\"@type\":\"SearchAction\",\"target\":{\"@type\":\"EntryPoint\",\"urlTemplate\":\"https:\/\/abressa.com\/?s={search_term_string}\"},\"query-input\":{\"@type\":\"PropertyValueSpecification\",\"valueRequired\":true,\"valueName\":\"search_term_string\"}}],\"inLanguage\":\"fr-FR\"},{\"@type\":\"Organization\",\"@id\":\"https:\/\/abressa.com\/#organization\",\"name\":\"GRUPO ABRESSA\",\"url\":\"https:\/\/abressa.com\/\",\"logo\":{\"@type\":\"ImageObject\",\"inLanguage\":\"fr-FR\",\"@id\":\"https:\/\/abressa.com\/#\/schema\/logo\/image\/\",\"url\":\"https:\/\/abressa.com\/wp-content\/uploads\/2017\/06\/Web_Logo_ABRESSA_group.png\",\"contentUrl\":\"https:\/\/abressa.com\/wp-content\/uploads\/2017\/06\/Web_Logo_ABRESSA_group.png\",\"width\":726,\"height\":300,\"caption\":\"GRUPO ABRESSA\"},\"image\":{\"@id\":\"https:\/\/abressa.com\/#\/schema\/logo\/image\/\"}}]}<\/script>\n<!-- \/ Yoast SEO plugin. -->","yoast_head_json":{"title":"W-140-X - M\u00e1rmol y calizas - Abressa Group","robots":{"index":"index","follow":"follow","max-snippet":"max-snippet:-1","max-image-preview":"max-image-preview:large","max-video-preview":"max-video-preview:-1"},"canonical":"https:\/\/abressa.com\/fr\/catalogue\/terrazzo-et-beton\/segments-terrazzo-et-beton\/w-140-x\/","og_locale":"fr_FR","og_type":"article","og_title":"W-140-X - M\u00e1rmol y calizas - Abressa Group","og_url":"https:\/\/abressa.com\/fr\/catalogue\/terrazzo-et-beton\/segments-terrazzo-et-beton\/w-140-x\/","og_site_name":"M\u00e1rmol y calizas - Abressa Group","article_modified_time":"2020-10-01T08:59:45+00:00","og_image":[{"width":1024,"height":768,"url":"https:\/\/abressa.com\/wp-content\/uploads\/2017\/05\/Foto-0140-W-140-X-1.jpg","type":"image\/jpeg"}],"twitter_card":"summary_large_image","schema":{"@context":"https:\/\/schema.org","@graph":[{"@type":"WebPage","@id":"https:\/\/abressa.com\/fr\/catalogue\/terrazzo-et-beton\/segments-terrazzo-et-beton\/w-140-x\/","url":"https:\/\/abressa.com\/fr\/catalogue\/terrazzo-et-beton\/segments-terrazzo-et-beton\/w-140-x\/","name":"W-140-X - M\u00e1rmol y calizas - Abressa Group","isPartOf":{"@id":"https:\/\/abressa.com\/#website"},"primaryImageOfPage":{"@id":"https:\/\/abressa.com\/fr\/catalogue\/terrazzo-et-beton\/segments-terrazzo-et-beton\/w-140-x\/#primaryimage"},"image":{"@id":"https:\/\/abressa.com\/fr\/catalogue\/terrazzo-et-beton\/segments-terrazzo-et-beton\/w-140-x\/#primaryimage"},"thumbnailUrl":"https:\/\/abressa.com\/wp-content\/uploads\/2017\/05\/Foto-0140-W-140-X-1.jpg","datePublished":"2017-05-25T16:53:52+00:00","dateModified":"2020-10-01T08:59:45+00:00","breadcrumb":{"@id":"https:\/\/abressa.com\/fr\/catalogue\/terrazzo-et-beton\/segments-terrazzo-et-beton\/w-140-x\/#breadcrumb"},"inLanguage":"fr-FR","potentialAction":[{"@type":"ReadAction","target":["https:\/\/abressa.com\/fr\/catalogue\/terrazzo-et-beton\/segments-terrazzo-et-beton\/w-140-x\/"]}]},{"@type":"ImageObject","inLanguage":"fr-FR","@id":"https:\/\/abressa.com\/fr\/catalogue\/terrazzo-et-beton\/segments-terrazzo-et-beton\/w-140-x\/#primaryimage","url":"https:\/\/abressa.com\/wp-content\/uploads\/2017\/05\/Foto-0140-W-140-X-1.jpg","contentUrl":"https:\/\/abressa.com\/wp-content\/uploads\/2017\/05\/Foto-0140-W-140-X-1.jpg","width":1024,"height":768},{"@type":"BreadcrumbList","@id":"https:\/\/abressa.com\/fr\/catalogue\/terrazzo-et-beton\/segments-terrazzo-et-beton\/w-140-x\/#breadcrumb","itemListElement":[{"@type":"ListItem","position":1,"name":"Portada","item":"https:\/\/abressa.com\/fr\/"},{"@type":"ListItem","position":2,"name":"Catalogue","item":"https:\/\/abressa.com\/fr\/catalogue\/"},{"@type":"ListItem","position":3,"name":"W-140-X"}]},{"@type":"WebSite","@id":"https:\/\/abressa.com\/#website","url":"https:\/\/abressa.com\/","name":"M\u00e1rmol y calizas - Abressa Group","description":"Fabricaci\u00f3n y comercializaci\u00f3n de muelas abrasivas","publisher":{"@id":"https:\/\/abressa.com\/#organization"},"potentialAction":[{"@type":"SearchAction","target":{"@type":"EntryPoint","urlTemplate":"https:\/\/abressa.com\/?s={search_term_string}"},"query-input":{"@type":"PropertyValueSpecification","valueRequired":true,"valueName":"search_term_string"}}],"inLanguage":"fr-FR"},{"@type":"Organization","@id":"https:\/\/abressa.com\/#organization","name":"GRUPO ABRESSA","url":"https:\/\/abressa.com\/","logo":{"@type":"ImageObject","inLanguage":"fr-FR","@id":"https:\/\/abressa.com\/#\/schema\/logo\/image\/","url":"https:\/\/abressa.com\/wp-content\/uploads\/2017\/06\/Web_Logo_ABRESSA_group.png","contentUrl":"https:\/\/abressa.com\/wp-content\/uploads\/2017\/06\/Web_Logo_ABRESSA_group.png","width":726,"height":300,"caption":"GRUPO ABRESSA"},"image":{"@id":"https:\/\/abressa.com\/#\/schema\/logo\/image\/"}}]}},"_links":{"self":[{"href":"https:\/\/abressa.com\/fr\/wp-json\/wp\/v2\/product\/3577","targetHints":{"allow":["GET"]}}],"collection":[{"href":"https:\/\/abressa.com\/fr\/wp-json\/wp\/v2\/product"}],"about":[{"href":"https:\/\/abressa.com\/fr\/wp-json\/wp\/v2\/types\/product"}],"replies":[{"embeddable":true,"href":"https:\/\/abressa.com\/fr\/wp-json\/wp\/v2\/comments?post=3577"}],"wp:featuredmedia":[{"embeddable":true,"href":"https:\/\/abressa.com\/fr\/wp-json\/wp\/v2\/media\/3581"}],"wp:attachment":[{"href":"https:\/\/abressa.com\/fr\/wp-json\/wp\/v2\/media?parent=3577"}],"wp:term":[{"taxonomy":"product_brand","embeddable":true,"href":"https:\/\/abressa.com\/fr\/wp-json\/wp\/v2\/product_brand?post=3577"},{"taxonomy":"product_cat","embeddable":true,"href":"https:\/\/abressa.com\/fr\/wp-json\/wp\/v2\/product_cat?post=3577"},{"taxonomy":"product_tag","embeddable":true,"href":"https:\/\/abressa.com\/fr\/wp-json\/wp\/v2\/product_tag?post=3577"}],"curies":[{"name":"wp","href":"https:\/\/api.w.org\/{rel}","templated":true}]}}