{"id":3355,"date":"2017-05-30T14:04:34","date_gmt":"2017-05-30T14:04:34","guid":{"rendered":"http:\/\/abressa.com\/catalogo\/sin%20categorizar\/120-x-20-t-frm\/"},"modified":"2020-10-01T08:55:38","modified_gmt":"2020-10-01T08:55:38","slug":"120-x-20-t-frm","status":"publish","type":"product","link":"https:\/\/abressa.com\/fr\/catalogue\/granit\/funeraire-granit\/120-x-20-t-frm\/","title":{"rendered":"120 x 20 T FRM"},"content":{"rendered":"","protected":false},"excerpt":{"rendered":"","protected":false},"featured_media":3356,"comment_status":"closed","ping_status":"closed","template":"","meta":{"_acf_changed":false},"product_brand":[],"product_cat":[180],"product_tag":[],"class_list":{"0":"post-3355","1":"product","2":"type-product","3":"status-publish","4":"has-post-thumbnail","6":"product_cat-funeraire-granit","7":"pa_acabado-polissage","8":"pa_conexion-meules-fixation-frm","10":"first","11":"instock","12":"shipping-taxable","13":"product-type-simple"},"acf":[],"yoast_head":"<!-- This site is optimized with the Yoast SEO plugin v26.9 - https:\/\/yoast.com\/product\/yoast-seo-wordpress\/ -->\n<title>120 x 20 T FRM - M\u00e1rmol y calizas - Abressa Group<\/title>\n<meta name=\"robots\" content=\"index, follow, max-snippet:-1, max-image-preview:large, max-video-preview:-1\" \/>\n<link rel=\"canonical\" href=\"https:\/\/abressa.com\/fr\/catalogue\/granit\/funeraire-granit\/120-x-20-t-frm\/\" \/>\n<meta property=\"og:locale\" content=\"fr_FR\" \/>\n<meta property=\"og:type\" content=\"article\" \/>\n<meta property=\"og:title\" content=\"120 x 20 T FRM - M\u00e1rmol y calizas - Abressa Group\" \/>\n<meta property=\"og:url\" content=\"https:\/\/abressa.com\/fr\/catalogue\/granit\/funeraire-granit\/120-x-20-t-frm\/\" \/>\n<meta property=\"og:site_name\" content=\"M\u00e1rmol y calizas - Abressa Group\" \/>\n<meta property=\"article:modified_time\" content=\"2020-10-01T08:55:38+00:00\" \/>\n<meta property=\"og:image\" content=\"https:\/\/abressa.com\/wp-content\/uploads\/2017\/05\/Foto-0624-120x20-T-FRM.jpg\" \/>\n\t<meta property=\"og:image:width\" content=\"900\" \/>\n\t<meta property=\"og:image:height\" content=\"700\" \/>\n\t<meta property=\"og:image:type\" content=\"image\/jpeg\" \/>\n<meta name=\"twitter:card\" content=\"summary_large_image\" \/>\n<script type=\"application\/ld+json\" class=\"yoast-schema-graph\">{\"@context\":\"https:\/\/schema.org\",\"@graph\":[{\"@type\":\"WebPage\",\"@id\":\"https:\/\/abressa.com\/fr\/catalogue\/granit\/funeraire-granit\/120-x-20-t-frm\/\",\"url\":\"https:\/\/abressa.com\/fr\/catalogue\/granit\/funeraire-granit\/120-x-20-t-frm\/\",\"name\":\"120 x 20 T FRM - M\u00e1rmol y calizas - Abressa Group\",\"isPartOf\":{\"@id\":\"https:\/\/abressa.com\/#website\"},\"primaryImageOfPage\":{\"@id\":\"https:\/\/abressa.com\/fr\/catalogue\/granit\/funeraire-granit\/120-x-20-t-frm\/#primaryimage\"},\"image\":{\"@id\":\"https:\/\/abressa.com\/fr\/catalogue\/granit\/funeraire-granit\/120-x-20-t-frm\/#primaryimage\"},\"thumbnailUrl\":\"https:\/\/abressa.com\/wp-content\/uploads\/2017\/05\/Foto-0624-120x20-T-FRM.jpg\",\"datePublished\":\"2017-05-30T14:04:34+00:00\",\"dateModified\":\"2020-10-01T08:55:38+00:00\",\"breadcrumb\":{\"@id\":\"https:\/\/abressa.com\/fr\/catalogue\/granit\/funeraire-granit\/120-x-20-t-frm\/#breadcrumb\"},\"inLanguage\":\"fr-FR\",\"potentialAction\":[{\"@type\":\"ReadAction\",\"target\":[\"https:\/\/abressa.com\/fr\/catalogue\/granit\/funeraire-granit\/120-x-20-t-frm\/\"]}]},{\"@type\":\"ImageObject\",\"inLanguage\":\"fr-FR\",\"@id\":\"https:\/\/abressa.com\/fr\/catalogue\/granit\/funeraire-granit\/120-x-20-t-frm\/#primaryimage\",\"url\":\"https:\/\/abressa.com\/wp-content\/uploads\/2017\/05\/Foto-0624-120x20-T-FRM.jpg\",\"contentUrl\":\"https:\/\/abressa.com\/wp-content\/uploads\/2017\/05\/Foto-0624-120x20-T-FRM.jpg\",\"width\":900,\"height\":700},{\"@type\":\"BreadcrumbList\",\"@id\":\"https:\/\/abressa.com\/fr\/catalogue\/granit\/funeraire-granit\/120-x-20-t-frm\/#breadcrumb\",\"itemListElement\":[{\"@type\":\"ListItem\",\"position\":1,\"name\":\"Portada\",\"item\":\"https:\/\/abressa.com\/fr\/\"},{\"@type\":\"ListItem\",\"position\":2,\"name\":\"Catalogue\",\"item\":\"https:\/\/abressa.com\/fr\/catalogue\/\"},{\"@type\":\"ListItem\",\"position\":3,\"name\":\"120 x 20 T FRM\"}]},{\"@type\":\"WebSite\",\"@id\":\"https:\/\/abressa.com\/#website\",\"url\":\"https:\/\/abressa.com\/\",\"name\":\"M\u00e1rmol y calizas - Abressa Group\",\"description\":\"Fabricaci\u00f3n y comercializaci\u00f3n de muelas abrasivas\",\"publisher\":{\"@id\":\"https:\/\/abressa.com\/#organization\"},\"potentialAction\":[{\"@type\":\"SearchAction\",\"target\":{\"@type\":\"EntryPoint\",\"urlTemplate\":\"https:\/\/abressa.com\/?s={search_term_string}\"},\"query-input\":{\"@type\":\"PropertyValueSpecification\",\"valueRequired\":true,\"valueName\":\"search_term_string\"}}],\"inLanguage\":\"fr-FR\"},{\"@type\":\"Organization\",\"@id\":\"https:\/\/abressa.com\/#organization\",\"name\":\"GRUPO ABRESSA\",\"url\":\"https:\/\/abressa.com\/\",\"logo\":{\"@type\":\"ImageObject\",\"inLanguage\":\"fr-FR\",\"@id\":\"https:\/\/abressa.com\/#\/schema\/logo\/image\/\",\"url\":\"https:\/\/abressa.com\/wp-content\/uploads\/2017\/06\/Web_Logo_ABRESSA_group.png\",\"contentUrl\":\"https:\/\/abressa.com\/wp-content\/uploads\/2017\/06\/Web_Logo_ABRESSA_group.png\",\"width\":726,\"height\":300,\"caption\":\"GRUPO ABRESSA\"},\"image\":{\"@id\":\"https:\/\/abressa.com\/#\/schema\/logo\/image\/\"}}]}<\/script>\n<!-- \/ Yoast SEO plugin. -->","yoast_head_json":{"title":"120 x 20 T FRM - M\u00e1rmol y calizas - Abressa Group","robots":{"index":"index","follow":"follow","max-snippet":"max-snippet:-1","max-image-preview":"max-image-preview:large","max-video-preview":"max-video-preview:-1"},"canonical":"https:\/\/abressa.com\/fr\/catalogue\/granit\/funeraire-granit\/120-x-20-t-frm\/","og_locale":"fr_FR","og_type":"article","og_title":"120 x 20 T FRM - M\u00e1rmol y calizas - Abressa Group","og_url":"https:\/\/abressa.com\/fr\/catalogue\/granit\/funeraire-granit\/120-x-20-t-frm\/","og_site_name":"M\u00e1rmol y calizas - Abressa Group","article_modified_time":"2020-10-01T08:55:38+00:00","og_image":[{"width":900,"height":700,"url":"https:\/\/abressa.com\/wp-content\/uploads\/2017\/05\/Foto-0624-120x20-T-FRM.jpg","type":"image\/jpeg"}],"twitter_card":"summary_large_image","schema":{"@context":"https:\/\/schema.org","@graph":[{"@type":"WebPage","@id":"https:\/\/abressa.com\/fr\/catalogue\/granit\/funeraire-granit\/120-x-20-t-frm\/","url":"https:\/\/abressa.com\/fr\/catalogue\/granit\/funeraire-granit\/120-x-20-t-frm\/","name":"120 x 20 T FRM - M\u00e1rmol y calizas - Abressa Group","isPartOf":{"@id":"https:\/\/abressa.com\/#website"},"primaryImageOfPage":{"@id":"https:\/\/abressa.com\/fr\/catalogue\/granit\/funeraire-granit\/120-x-20-t-frm\/#primaryimage"},"image":{"@id":"https:\/\/abressa.com\/fr\/catalogue\/granit\/funeraire-granit\/120-x-20-t-frm\/#primaryimage"},"thumbnailUrl":"https:\/\/abressa.com\/wp-content\/uploads\/2017\/05\/Foto-0624-120x20-T-FRM.jpg","datePublished":"2017-05-30T14:04:34+00:00","dateModified":"2020-10-01T08:55:38+00:00","breadcrumb":{"@id":"https:\/\/abressa.com\/fr\/catalogue\/granit\/funeraire-granit\/120-x-20-t-frm\/#breadcrumb"},"inLanguage":"fr-FR","potentialAction":[{"@type":"ReadAction","target":["https:\/\/abressa.com\/fr\/catalogue\/granit\/funeraire-granit\/120-x-20-t-frm\/"]}]},{"@type":"ImageObject","inLanguage":"fr-FR","@id":"https:\/\/abressa.com\/fr\/catalogue\/granit\/funeraire-granit\/120-x-20-t-frm\/#primaryimage","url":"https:\/\/abressa.com\/wp-content\/uploads\/2017\/05\/Foto-0624-120x20-T-FRM.jpg","contentUrl":"https:\/\/abressa.com\/wp-content\/uploads\/2017\/05\/Foto-0624-120x20-T-FRM.jpg","width":900,"height":700},{"@type":"BreadcrumbList","@id":"https:\/\/abressa.com\/fr\/catalogue\/granit\/funeraire-granit\/120-x-20-t-frm\/#breadcrumb","itemListElement":[{"@type":"ListItem","position":1,"name":"Portada","item":"https:\/\/abressa.com\/fr\/"},{"@type":"ListItem","position":2,"name":"Catalogue","item":"https:\/\/abressa.com\/fr\/catalogue\/"},{"@type":"ListItem","position":3,"name":"120 x 20 T FRM"}]},{"@type":"WebSite","@id":"https:\/\/abressa.com\/#website","url":"https:\/\/abressa.com\/","name":"M\u00e1rmol y calizas - Abressa Group","description":"Fabricaci\u00f3n y comercializaci\u00f3n de muelas abrasivas","publisher":{"@id":"https:\/\/abressa.com\/#organization"},"potentialAction":[{"@type":"SearchAction","target":{"@type":"EntryPoint","urlTemplate":"https:\/\/abressa.com\/?s={search_term_string}"},"query-input":{"@type":"PropertyValueSpecification","valueRequired":true,"valueName":"search_term_string"}}],"inLanguage":"fr-FR"},{"@type":"Organization","@id":"https:\/\/abressa.com\/#organization","name":"GRUPO ABRESSA","url":"https:\/\/abressa.com\/","logo":{"@type":"ImageObject","inLanguage":"fr-FR","@id":"https:\/\/abressa.com\/#\/schema\/logo\/image\/","url":"https:\/\/abressa.com\/wp-content\/uploads\/2017\/06\/Web_Logo_ABRESSA_group.png","contentUrl":"https:\/\/abressa.com\/wp-content\/uploads\/2017\/06\/Web_Logo_ABRESSA_group.png","width":726,"height":300,"caption":"GRUPO ABRESSA"},"image":{"@id":"https:\/\/abressa.com\/#\/schema\/logo\/image\/"}}]}},"_links":{"self":[{"href":"https:\/\/abressa.com\/fr\/wp-json\/wp\/v2\/product\/3355","targetHints":{"allow":["GET"]}}],"collection":[{"href":"https:\/\/abressa.com\/fr\/wp-json\/wp\/v2\/product"}],"about":[{"href":"https:\/\/abressa.com\/fr\/wp-json\/wp\/v2\/types\/product"}],"replies":[{"embeddable":true,"href":"https:\/\/abressa.com\/fr\/wp-json\/wp\/v2\/comments?post=3355"}],"wp:featuredmedia":[{"embeddable":true,"href":"https:\/\/abressa.com\/fr\/wp-json\/wp\/v2\/media\/3356"}],"wp:attachment":[{"href":"https:\/\/abressa.com\/fr\/wp-json\/wp\/v2\/media?parent=3355"}],"wp:term":[{"taxonomy":"product_brand","embeddable":true,"href":"https:\/\/abressa.com\/fr\/wp-json\/wp\/v2\/product_brand?post=3355"},{"taxonomy":"product_cat","embeddable":true,"href":"https:\/\/abressa.com\/fr\/wp-json\/wp\/v2\/product_cat?post=3355"},{"taxonomy":"product_tag","embeddable":true,"href":"https:\/\/abressa.com\/fr\/wp-json\/wp\/v2\/product_tag?post=3355"}],"curies":[{"name":"wp","href":"https:\/\/api.w.org\/{rel}","templated":true}]}}