{"id":2949,"date":"2017-06-06T15:21:38","date_gmt":"2017-06-06T15:21:38","guid":{"rendered":"http:\/\/abressa.com\/catalogo\/sin%20categorizar\/potea-granitomarmol-negra\/"},"modified":"2020-09-30T23:31:34","modified_gmt":"2020-09-30T23:31:34","slug":"potea-granitomarmol-negra","status":"publish","type":"product","link":"https:\/\/abressa.com\/en\/catalogue\/marble-and-limestone\/manual-applications-marble-and-limestone\/potea-granitomarmol-negra\/","title":{"rendered":"POTEA GRANITO\/MARMOL NEGRA"},"content":{"rendered":"","protected":false},"excerpt":{"rendered":"","protected":false},"featured_media":2952,"comment_status":"closed","ping_status":"closed","template":"","meta":{"_acf_changed":false},"product_brand":[],"product_cat":[179,181],"product_tag":[],"class_list":{"0":"post-2949","1":"product","2":"type-product","3":"status-publish","4":"has-post-thumbnail","6":"product_cat-monuments-granite","7":"product_cat-manual-applications-marble-and-limestone","8":"pa_acabado-polishing","9":"pa_conexion-polishing-powders","11":"first","12":"instock","13":"shipping-taxable","14":"product-type-simple"},"acf":[],"yoast_head":"<!-- This site is optimized with the Yoast SEO plugin v26.9 - https:\/\/yoast.com\/product\/yoast-seo-wordpress\/ -->\n<title>POTEA GRANITO\/MARMOL NEGRA - M\u00e1rmol y calizas - Abressa Group<\/title>\n<meta name=\"robots\" content=\"index, follow, max-snippet:-1, max-image-preview:large, max-video-preview:-1\" \/>\n<link rel=\"canonical\" href=\"https:\/\/abressa.com\/en\/catalogue\/marble-and-limestone\/manual-applications-marble-and-limestone\/potea-granitomarmol-negra\/\" \/>\n<meta property=\"og:locale\" content=\"en_US\" \/>\n<meta property=\"og:type\" content=\"article\" \/>\n<meta property=\"og:title\" content=\"POTEA GRANITO\/MARMOL NEGRA - M\u00e1rmol y calizas - Abressa Group\" \/>\n<meta property=\"og:url\" content=\"https:\/\/abressa.com\/en\/catalogue\/marble-and-limestone\/manual-applications-marble-and-limestone\/potea-granitomarmol-negra\/\" \/>\n<meta property=\"og:site_name\" content=\"M\u00e1rmol y calizas - Abressa Group\" \/>\n<meta property=\"article:modified_time\" content=\"2020-09-30T23:31:34+00:00\" \/>\n<meta property=\"og:image\" content=\"https:\/\/abressa.com\/wp-content\/uploads\/2017\/06\/Foto-1260-POTEA-GRANITO-MARMOL-NEGRA-1.jpg\" \/>\n\t<meta property=\"og:image:width\" content=\"1180\" \/>\n\t<meta property=\"og:image:height\" content=\"932\" \/>\n\t<meta property=\"og:image:type\" content=\"image\/jpeg\" \/>\n<meta name=\"twitter:card\" content=\"summary_large_image\" \/>\n<script type=\"application\/ld+json\" class=\"yoast-schema-graph\">{\"@context\":\"https:\/\/schema.org\",\"@graph\":[{\"@type\":\"WebPage\",\"@id\":\"https:\/\/abressa.com\/en\/catalogue\/marble-and-limestone\/manual-applications-marble-and-limestone\/potea-granitomarmol-negra\/\",\"url\":\"https:\/\/abressa.com\/en\/catalogue\/marble-and-limestone\/manual-applications-marble-and-limestone\/potea-granitomarmol-negra\/\",\"name\":\"POTEA GRANITO\/MARMOL NEGRA - M\u00e1rmol y calizas - Abressa Group\",\"isPartOf\":{\"@id\":\"https:\/\/abressa.com\/#website\"},\"primaryImageOfPage\":{\"@id\":\"https:\/\/abressa.com\/en\/catalogue\/marble-and-limestone\/manual-applications-marble-and-limestone\/potea-granitomarmol-negra\/#primaryimage\"},\"image\":{\"@id\":\"https:\/\/abressa.com\/en\/catalogue\/marble-and-limestone\/manual-applications-marble-and-limestone\/potea-granitomarmol-negra\/#primaryimage\"},\"thumbnailUrl\":\"https:\/\/abressa.com\/wp-content\/uploads\/2017\/06\/Foto-1260-POTEA-GRANITO-MARMOL-NEGRA-1.jpg\",\"datePublished\":\"2017-06-06T15:21:38+00:00\",\"dateModified\":\"2020-09-30T23:31:34+00:00\",\"breadcrumb\":{\"@id\":\"https:\/\/abressa.com\/en\/catalogue\/marble-and-limestone\/manual-applications-marble-and-limestone\/potea-granitomarmol-negra\/#breadcrumb\"},\"inLanguage\":\"en-US\",\"potentialAction\":[{\"@type\":\"ReadAction\",\"target\":[\"https:\/\/abressa.com\/en\/catalogue\/marble-and-limestone\/manual-applications-marble-and-limestone\/potea-granitomarmol-negra\/\"]}]},{\"@type\":\"ImageObject\",\"inLanguage\":\"en-US\",\"@id\":\"https:\/\/abressa.com\/en\/catalogue\/marble-and-limestone\/manual-applications-marble-and-limestone\/potea-granitomarmol-negra\/#primaryimage\",\"url\":\"https:\/\/abressa.com\/wp-content\/uploads\/2017\/06\/Foto-1260-POTEA-GRANITO-MARMOL-NEGRA-1.jpg\",\"contentUrl\":\"https:\/\/abressa.com\/wp-content\/uploads\/2017\/06\/Foto-1260-POTEA-GRANITO-MARMOL-NEGRA-1.jpg\",\"width\":1180,\"height\":932},{\"@type\":\"BreadcrumbList\",\"@id\":\"https:\/\/abressa.com\/en\/catalogue\/marble-and-limestone\/manual-applications-marble-and-limestone\/potea-granitomarmol-negra\/#breadcrumb\",\"itemListElement\":[{\"@type\":\"ListItem\",\"position\":1,\"name\":\"Portada\",\"item\":\"https:\/\/abressa.com\/en\/\"},{\"@type\":\"ListItem\",\"position\":2,\"name\":\"Catalogue\",\"item\":\"https:\/\/abressa.com\/en\/catalogue\/\"},{\"@type\":\"ListItem\",\"position\":3,\"name\":\"POTEA GRANITO\/MARMOL NEGRA\"}]},{\"@type\":\"WebSite\",\"@id\":\"https:\/\/abressa.com\/#website\",\"url\":\"https:\/\/abressa.com\/\",\"name\":\"M\u00e1rmol y calizas - Abressa Group\",\"description\":\"Fabricaci\u00f3n y comercializaci\u00f3n de muelas abrasivas\",\"publisher\":{\"@id\":\"https:\/\/abressa.com\/#organization\"},\"potentialAction\":[{\"@type\":\"SearchAction\",\"target\":{\"@type\":\"EntryPoint\",\"urlTemplate\":\"https:\/\/abressa.com\/?s={search_term_string}\"},\"query-input\":{\"@type\":\"PropertyValueSpecification\",\"valueRequired\":true,\"valueName\":\"search_term_string\"}}],\"inLanguage\":\"en-US\"},{\"@type\":\"Organization\",\"@id\":\"https:\/\/abressa.com\/#organization\",\"name\":\"GRUPO ABRESSA\",\"url\":\"https:\/\/abressa.com\/\",\"logo\":{\"@type\":\"ImageObject\",\"inLanguage\":\"en-US\",\"@id\":\"https:\/\/abressa.com\/#\/schema\/logo\/image\/\",\"url\":\"https:\/\/abressa.com\/wp-content\/uploads\/2017\/06\/Web_Logo_ABRESSA_group.png\",\"contentUrl\":\"https:\/\/abressa.com\/wp-content\/uploads\/2017\/06\/Web_Logo_ABRESSA_group.png\",\"width\":726,\"height\":300,\"caption\":\"GRUPO ABRESSA\"},\"image\":{\"@id\":\"https:\/\/abressa.com\/#\/schema\/logo\/image\/\"}}]}<\/script>\n<!-- \/ Yoast SEO plugin. -->","yoast_head_json":{"title":"POTEA GRANITO\/MARMOL NEGRA - M\u00e1rmol y calizas - Abressa Group","robots":{"index":"index","follow":"follow","max-snippet":"max-snippet:-1","max-image-preview":"max-image-preview:large","max-video-preview":"max-video-preview:-1"},"canonical":"https:\/\/abressa.com\/en\/catalogue\/marble-and-limestone\/manual-applications-marble-and-limestone\/potea-granitomarmol-negra\/","og_locale":"en_US","og_type":"article","og_title":"POTEA GRANITO\/MARMOL NEGRA - M\u00e1rmol y calizas - Abressa Group","og_url":"https:\/\/abressa.com\/en\/catalogue\/marble-and-limestone\/manual-applications-marble-and-limestone\/potea-granitomarmol-negra\/","og_site_name":"M\u00e1rmol y calizas - Abressa Group","article_modified_time":"2020-09-30T23:31:34+00:00","og_image":[{"width":1180,"height":932,"url":"https:\/\/abressa.com\/wp-content\/uploads\/2017\/06\/Foto-1260-POTEA-GRANITO-MARMOL-NEGRA-1.jpg","type":"image\/jpeg"}],"twitter_card":"summary_large_image","schema":{"@context":"https:\/\/schema.org","@graph":[{"@type":"WebPage","@id":"https:\/\/abressa.com\/en\/catalogue\/marble-and-limestone\/manual-applications-marble-and-limestone\/potea-granitomarmol-negra\/","url":"https:\/\/abressa.com\/en\/catalogue\/marble-and-limestone\/manual-applications-marble-and-limestone\/potea-granitomarmol-negra\/","name":"POTEA GRANITO\/MARMOL NEGRA - M\u00e1rmol y calizas - Abressa Group","isPartOf":{"@id":"https:\/\/abressa.com\/#website"},"primaryImageOfPage":{"@id":"https:\/\/abressa.com\/en\/catalogue\/marble-and-limestone\/manual-applications-marble-and-limestone\/potea-granitomarmol-negra\/#primaryimage"},"image":{"@id":"https:\/\/abressa.com\/en\/catalogue\/marble-and-limestone\/manual-applications-marble-and-limestone\/potea-granitomarmol-negra\/#primaryimage"},"thumbnailUrl":"https:\/\/abressa.com\/wp-content\/uploads\/2017\/06\/Foto-1260-POTEA-GRANITO-MARMOL-NEGRA-1.jpg","datePublished":"2017-06-06T15:21:38+00:00","dateModified":"2020-09-30T23:31:34+00:00","breadcrumb":{"@id":"https:\/\/abressa.com\/en\/catalogue\/marble-and-limestone\/manual-applications-marble-and-limestone\/potea-granitomarmol-negra\/#breadcrumb"},"inLanguage":"en-US","potentialAction":[{"@type":"ReadAction","target":["https:\/\/abressa.com\/en\/catalogue\/marble-and-limestone\/manual-applications-marble-and-limestone\/potea-granitomarmol-negra\/"]}]},{"@type":"ImageObject","inLanguage":"en-US","@id":"https:\/\/abressa.com\/en\/catalogue\/marble-and-limestone\/manual-applications-marble-and-limestone\/potea-granitomarmol-negra\/#primaryimage","url":"https:\/\/abressa.com\/wp-content\/uploads\/2017\/06\/Foto-1260-POTEA-GRANITO-MARMOL-NEGRA-1.jpg","contentUrl":"https:\/\/abressa.com\/wp-content\/uploads\/2017\/06\/Foto-1260-POTEA-GRANITO-MARMOL-NEGRA-1.jpg","width":1180,"height":932},{"@type":"BreadcrumbList","@id":"https:\/\/abressa.com\/en\/catalogue\/marble-and-limestone\/manual-applications-marble-and-limestone\/potea-granitomarmol-negra\/#breadcrumb","itemListElement":[{"@type":"ListItem","position":1,"name":"Portada","item":"https:\/\/abressa.com\/en\/"},{"@type":"ListItem","position":2,"name":"Catalogue","item":"https:\/\/abressa.com\/en\/catalogue\/"},{"@type":"ListItem","position":3,"name":"POTEA GRANITO\/MARMOL NEGRA"}]},{"@type":"WebSite","@id":"https:\/\/abressa.com\/#website","url":"https:\/\/abressa.com\/","name":"M\u00e1rmol y calizas - Abressa Group","description":"Fabricaci\u00f3n y comercializaci\u00f3n de muelas abrasivas","publisher":{"@id":"https:\/\/abressa.com\/#organization"},"potentialAction":[{"@type":"SearchAction","target":{"@type":"EntryPoint","urlTemplate":"https:\/\/abressa.com\/?s={search_term_string}"},"query-input":{"@type":"PropertyValueSpecification","valueRequired":true,"valueName":"search_term_string"}}],"inLanguage":"en-US"},{"@type":"Organization","@id":"https:\/\/abressa.com\/#organization","name":"GRUPO ABRESSA","url":"https:\/\/abressa.com\/","logo":{"@type":"ImageObject","inLanguage":"en-US","@id":"https:\/\/abressa.com\/#\/schema\/logo\/image\/","url":"https:\/\/abressa.com\/wp-content\/uploads\/2017\/06\/Web_Logo_ABRESSA_group.png","contentUrl":"https:\/\/abressa.com\/wp-content\/uploads\/2017\/06\/Web_Logo_ABRESSA_group.png","width":726,"height":300,"caption":"GRUPO ABRESSA"},"image":{"@id":"https:\/\/abressa.com\/#\/schema\/logo\/image\/"}}]}},"_links":{"self":[{"href":"https:\/\/abressa.com\/en\/wp-json\/wp\/v2\/product\/2949","targetHints":{"allow":["GET"]}}],"collection":[{"href":"https:\/\/abressa.com\/en\/wp-json\/wp\/v2\/product"}],"about":[{"href":"https:\/\/abressa.com\/en\/wp-json\/wp\/v2\/types\/product"}],"replies":[{"embeddable":true,"href":"https:\/\/abressa.com\/en\/wp-json\/wp\/v2\/comments?post=2949"}],"wp:featuredmedia":[{"embeddable":true,"href":"https:\/\/abressa.com\/en\/wp-json\/wp\/v2\/media\/2952"}],"wp:attachment":[{"href":"https:\/\/abressa.com\/en\/wp-json\/wp\/v2\/media?parent=2949"}],"wp:term":[{"taxonomy":"product_brand","embeddable":true,"href":"https:\/\/abressa.com\/en\/wp-json\/wp\/v2\/product_brand?post=2949"},{"taxonomy":"product_cat","embeddable":true,"href":"https:\/\/abressa.com\/en\/wp-json\/wp\/v2\/product_cat?post=2949"},{"taxonomy":"product_tag","embeddable":true,"href":"https:\/\/abressa.com\/en\/wp-json\/wp\/v2\/product_tag?post=2949"}],"curies":[{"name":"wp","href":"https:\/\/api.w.org\/{rel}","templated":true}]}}