{"id":2781,"date":"2017-06-06T16:47:17","date_gmt":"2017-06-06T16:47:17","guid":{"rendered":"http:\/\/abressa.com\/catalogo\/sin%20categorizar\/frankfurt-11\/"},"modified":"2020-10-21T07:49:50","modified_gmt":"2020-10-21T07:49:50","slug":"frankfurt-11","status":"publish","type":"product","link":"https:\/\/abressa.com\/en\/catalogue\/terrazzo-and-concrete\/segments-terrazzo-and-concrete\/frankfurt-11\/","title":{"rendered":"FRANKFURT \/ 11"},"content":{"rendered":"<p>\u00ba<\/p>\n","protected":false},"excerpt":{"rendered":"<p>\u00ba<\/p>\n","protected":false},"featured_media":2784,"comment_status":"closed","ping_status":"closed","template":"","meta":{"_acf_changed":false},"product_brand":[],"product_cat":[155,157,159,161,163,165],"product_tag":[],"class_list":{"0":"post-2781","1":"product","2":"type-product","3":"status-publish","4":"has-post-thumbnail","6":"product_cat-segments-granite","7":"product_cat-segments-marble-and-limestone","8":"product_cat-segments-quartz-stone","9":"product_cat-segments-ceramic","10":"product_cat-segments-pizarra","11":"product_cat-segments-terrazzo-and-concrete","12":"pa_acabado-polishing","13":"pa_aplicacion-polishing","14":"pa_conexion-frankfurt","15":"pa_longitud-frankfurt","17":"first","18":"instock","19":"shipping-taxable","20":"product-type-simple"},"acf":[],"yoast_head":"<!-- This site is optimized with the Yoast SEO plugin v26.9 - https:\/\/yoast.com\/product\/yoast-seo-wordpress\/ -->\n<title>FRANKFURT \/ 11 - M\u00e1rmol y calizas - Abressa Group<\/title>\n<meta name=\"robots\" content=\"index, follow, max-snippet:-1, max-image-preview:large, max-video-preview:-1\" \/>\n<link rel=\"canonical\" href=\"https:\/\/abressa.com\/en\/catalogue\/terrazzo-and-concrete\/segments-terrazzo-and-concrete\/frankfurt-11\/\" \/>\n<meta property=\"og:locale\" content=\"en_US\" \/>\n<meta property=\"og:type\" content=\"article\" \/>\n<meta property=\"og:title\" content=\"FRANKFURT \/ 11 - M\u00e1rmol y calizas - Abressa Group\" \/>\n<meta property=\"og:description\" content=\"\u00ba\" \/>\n<meta property=\"og:url\" content=\"https:\/\/abressa.com\/en\/catalogue\/terrazzo-and-concrete\/segments-terrazzo-and-concrete\/frankfurt-11\/\" \/>\n<meta property=\"og:site_name\" content=\"M\u00e1rmol y calizas - Abressa Group\" \/>\n<meta property=\"article:modified_time\" content=\"2020-10-21T07:49:50+00:00\" \/>\n<meta property=\"og:image\" content=\"https:\/\/abressa.com\/wp-content\/uploads\/2017\/06\/Foto-1540-FRANKFURT-11-1.jpg\" \/>\n\t<meta property=\"og:image:width\" content=\"1024\" \/>\n\t<meta property=\"og:image:height\" content=\"768\" \/>\n\t<meta property=\"og:image:type\" content=\"image\/jpeg\" \/>\n<meta name=\"twitter:card\" content=\"summary_large_image\" \/>\n<script type=\"application\/ld+json\" class=\"yoast-schema-graph\">{\"@context\":\"https:\/\/schema.org\",\"@graph\":[{\"@type\":\"WebPage\",\"@id\":\"https:\/\/abressa.com\/en\/catalogue\/terrazzo-and-concrete\/segments-terrazzo-and-concrete\/frankfurt-11\/\",\"url\":\"https:\/\/abressa.com\/en\/catalogue\/terrazzo-and-concrete\/segments-terrazzo-and-concrete\/frankfurt-11\/\",\"name\":\"FRANKFURT \/ 11 - M\u00e1rmol y calizas - Abressa Group\",\"isPartOf\":{\"@id\":\"https:\/\/abressa.com\/#website\"},\"primaryImageOfPage\":{\"@id\":\"https:\/\/abressa.com\/en\/catalogue\/terrazzo-and-concrete\/segments-terrazzo-and-concrete\/frankfurt-11\/#primaryimage\"},\"image\":{\"@id\":\"https:\/\/abressa.com\/en\/catalogue\/terrazzo-and-concrete\/segments-terrazzo-and-concrete\/frankfurt-11\/#primaryimage\"},\"thumbnailUrl\":\"https:\/\/abressa.com\/wp-content\/uploads\/2017\/06\/Foto-1540-FRANKFURT-11-1.jpg\",\"datePublished\":\"2017-06-06T16:47:17+00:00\",\"dateModified\":\"2020-10-21T07:49:50+00:00\",\"breadcrumb\":{\"@id\":\"https:\/\/abressa.com\/en\/catalogue\/terrazzo-and-concrete\/segments-terrazzo-and-concrete\/frankfurt-11\/#breadcrumb\"},\"inLanguage\":\"en-US\",\"potentialAction\":[{\"@type\":\"ReadAction\",\"target\":[\"https:\/\/abressa.com\/en\/catalogue\/terrazzo-and-concrete\/segments-terrazzo-and-concrete\/frankfurt-11\/\"]}]},{\"@type\":\"ImageObject\",\"inLanguage\":\"en-US\",\"@id\":\"https:\/\/abressa.com\/en\/catalogue\/terrazzo-and-concrete\/segments-terrazzo-and-concrete\/frankfurt-11\/#primaryimage\",\"url\":\"https:\/\/abressa.com\/wp-content\/uploads\/2017\/06\/Foto-1540-FRANKFURT-11-1.jpg\",\"contentUrl\":\"https:\/\/abressa.com\/wp-content\/uploads\/2017\/06\/Foto-1540-FRANKFURT-11-1.jpg\",\"width\":1024,\"height\":768},{\"@type\":\"BreadcrumbList\",\"@id\":\"https:\/\/abressa.com\/en\/catalogue\/terrazzo-and-concrete\/segments-terrazzo-and-concrete\/frankfurt-11\/#breadcrumb\",\"itemListElement\":[{\"@type\":\"ListItem\",\"position\":1,\"name\":\"Portada\",\"item\":\"https:\/\/abressa.com\/en\/\"},{\"@type\":\"ListItem\",\"position\":2,\"name\":\"Catalogue\",\"item\":\"https:\/\/abressa.com\/en\/catalogue\/\"},{\"@type\":\"ListItem\",\"position\":3,\"name\":\"FRANKFURT \/ 11\"}]},{\"@type\":\"WebSite\",\"@id\":\"https:\/\/abressa.com\/#website\",\"url\":\"https:\/\/abressa.com\/\",\"name\":\"M\u00e1rmol y calizas - Abressa Group\",\"description\":\"Fabricaci\u00f3n y comercializaci\u00f3n de muelas abrasivas\",\"publisher\":{\"@id\":\"https:\/\/abressa.com\/#organization\"},\"potentialAction\":[{\"@type\":\"SearchAction\",\"target\":{\"@type\":\"EntryPoint\",\"urlTemplate\":\"https:\/\/abressa.com\/?s={search_term_string}\"},\"query-input\":{\"@type\":\"PropertyValueSpecification\",\"valueRequired\":true,\"valueName\":\"search_term_string\"}}],\"inLanguage\":\"en-US\"},{\"@type\":\"Organization\",\"@id\":\"https:\/\/abressa.com\/#organization\",\"name\":\"GRUPO ABRESSA\",\"url\":\"https:\/\/abressa.com\/\",\"logo\":{\"@type\":\"ImageObject\",\"inLanguage\":\"en-US\",\"@id\":\"https:\/\/abressa.com\/#\/schema\/logo\/image\/\",\"url\":\"https:\/\/abressa.com\/wp-content\/uploads\/2017\/06\/Web_Logo_ABRESSA_group.png\",\"contentUrl\":\"https:\/\/abressa.com\/wp-content\/uploads\/2017\/06\/Web_Logo_ABRESSA_group.png\",\"width\":726,\"height\":300,\"caption\":\"GRUPO ABRESSA\"},\"image\":{\"@id\":\"https:\/\/abressa.com\/#\/schema\/logo\/image\/\"}}]}<\/script>\n<!-- \/ Yoast SEO plugin. -->","yoast_head_json":{"title":"FRANKFURT \/ 11 - M\u00e1rmol y calizas - Abressa Group","robots":{"index":"index","follow":"follow","max-snippet":"max-snippet:-1","max-image-preview":"max-image-preview:large","max-video-preview":"max-video-preview:-1"},"canonical":"https:\/\/abressa.com\/en\/catalogue\/terrazzo-and-concrete\/segments-terrazzo-and-concrete\/frankfurt-11\/","og_locale":"en_US","og_type":"article","og_title":"FRANKFURT \/ 11 - M\u00e1rmol y calizas - Abressa Group","og_description":"\u00ba","og_url":"https:\/\/abressa.com\/en\/catalogue\/terrazzo-and-concrete\/segments-terrazzo-and-concrete\/frankfurt-11\/","og_site_name":"M\u00e1rmol y calizas - Abressa Group","article_modified_time":"2020-10-21T07:49:50+00:00","og_image":[{"width":1024,"height":768,"url":"https:\/\/abressa.com\/wp-content\/uploads\/2017\/06\/Foto-1540-FRANKFURT-11-1.jpg","type":"image\/jpeg"}],"twitter_card":"summary_large_image","schema":{"@context":"https:\/\/schema.org","@graph":[{"@type":"WebPage","@id":"https:\/\/abressa.com\/en\/catalogue\/terrazzo-and-concrete\/segments-terrazzo-and-concrete\/frankfurt-11\/","url":"https:\/\/abressa.com\/en\/catalogue\/terrazzo-and-concrete\/segments-terrazzo-and-concrete\/frankfurt-11\/","name":"FRANKFURT \/ 11 - M\u00e1rmol y calizas - Abressa Group","isPartOf":{"@id":"https:\/\/abressa.com\/#website"},"primaryImageOfPage":{"@id":"https:\/\/abressa.com\/en\/catalogue\/terrazzo-and-concrete\/segments-terrazzo-and-concrete\/frankfurt-11\/#primaryimage"},"image":{"@id":"https:\/\/abressa.com\/en\/catalogue\/terrazzo-and-concrete\/segments-terrazzo-and-concrete\/frankfurt-11\/#primaryimage"},"thumbnailUrl":"https:\/\/abressa.com\/wp-content\/uploads\/2017\/06\/Foto-1540-FRANKFURT-11-1.jpg","datePublished":"2017-06-06T16:47:17+00:00","dateModified":"2020-10-21T07:49:50+00:00","breadcrumb":{"@id":"https:\/\/abressa.com\/en\/catalogue\/terrazzo-and-concrete\/segments-terrazzo-and-concrete\/frankfurt-11\/#breadcrumb"},"inLanguage":"en-US","potentialAction":[{"@type":"ReadAction","target":["https:\/\/abressa.com\/en\/catalogue\/terrazzo-and-concrete\/segments-terrazzo-and-concrete\/frankfurt-11\/"]}]},{"@type":"ImageObject","inLanguage":"en-US","@id":"https:\/\/abressa.com\/en\/catalogue\/terrazzo-and-concrete\/segments-terrazzo-and-concrete\/frankfurt-11\/#primaryimage","url":"https:\/\/abressa.com\/wp-content\/uploads\/2017\/06\/Foto-1540-FRANKFURT-11-1.jpg","contentUrl":"https:\/\/abressa.com\/wp-content\/uploads\/2017\/06\/Foto-1540-FRANKFURT-11-1.jpg","width":1024,"height":768},{"@type":"BreadcrumbList","@id":"https:\/\/abressa.com\/en\/catalogue\/terrazzo-and-concrete\/segments-terrazzo-and-concrete\/frankfurt-11\/#breadcrumb","itemListElement":[{"@type":"ListItem","position":1,"name":"Portada","item":"https:\/\/abressa.com\/en\/"},{"@type":"ListItem","position":2,"name":"Catalogue","item":"https:\/\/abressa.com\/en\/catalogue\/"},{"@type":"ListItem","position":3,"name":"FRANKFURT \/ 11"}]},{"@type":"WebSite","@id":"https:\/\/abressa.com\/#website","url":"https:\/\/abressa.com\/","name":"M\u00e1rmol y calizas - Abressa Group","description":"Fabricaci\u00f3n y comercializaci\u00f3n de muelas abrasivas","publisher":{"@id":"https:\/\/abressa.com\/#organization"},"potentialAction":[{"@type":"SearchAction","target":{"@type":"EntryPoint","urlTemplate":"https:\/\/abressa.com\/?s={search_term_string}"},"query-input":{"@type":"PropertyValueSpecification","valueRequired":true,"valueName":"search_term_string"}}],"inLanguage":"en-US"},{"@type":"Organization","@id":"https:\/\/abressa.com\/#organization","name":"GRUPO ABRESSA","url":"https:\/\/abressa.com\/","logo":{"@type":"ImageObject","inLanguage":"en-US","@id":"https:\/\/abressa.com\/#\/schema\/logo\/image\/","url":"https:\/\/abressa.com\/wp-content\/uploads\/2017\/06\/Web_Logo_ABRESSA_group.png","contentUrl":"https:\/\/abressa.com\/wp-content\/uploads\/2017\/06\/Web_Logo_ABRESSA_group.png","width":726,"height":300,"caption":"GRUPO ABRESSA"},"image":{"@id":"https:\/\/abressa.com\/#\/schema\/logo\/image\/"}}]}},"_links":{"self":[{"href":"https:\/\/abressa.com\/en\/wp-json\/wp\/v2\/product\/2781","targetHints":{"allow":["GET"]}}],"collection":[{"href":"https:\/\/abressa.com\/en\/wp-json\/wp\/v2\/product"}],"about":[{"href":"https:\/\/abressa.com\/en\/wp-json\/wp\/v2\/types\/product"}],"replies":[{"embeddable":true,"href":"https:\/\/abressa.com\/en\/wp-json\/wp\/v2\/comments?post=2781"}],"wp:featuredmedia":[{"embeddable":true,"href":"https:\/\/abressa.com\/en\/wp-json\/wp\/v2\/media\/2784"}],"wp:attachment":[{"href":"https:\/\/abressa.com\/en\/wp-json\/wp\/v2\/media?parent=2781"}],"wp:term":[{"taxonomy":"product_brand","embeddable":true,"href":"https:\/\/abressa.com\/en\/wp-json\/wp\/v2\/product_brand?post=2781"},{"taxonomy":"product_cat","embeddable":true,"href":"https:\/\/abressa.com\/en\/wp-json\/wp\/v2\/product_cat?post=2781"},{"taxonomy":"product_tag","embeddable":true,"href":"https:\/\/abressa.com\/en\/wp-json\/wp\/v2\/product_tag?post=2781"}],"curies":[{"name":"wp","href":"https:\/\/api.w.org\/{rel}","templated":true}]}}