{"id":2757,"date":"2017-10-09T13:05:38","date_gmt":"2017-10-09T13:05:38","guid":{"rendered":"http:\/\/abressa.com\/catalogo\/sin%20categorizar\/120-shm14-satinex-cr\/"},"modified":"2020-09-30T23:25:55","modified_gmt":"2020-09-30T23:25:55","slug":"120-shm14-satinex-cr","status":"publish","type":"product","link":"https:\/\/abressa.com\/en\/catalogue\/slate\/wheels-pizarra\/120-shm14-satinex-cr\/","title":{"rendered":"120 SH\/M14 SATINEX CR"},"content":{"rendered":"","protected":false},"excerpt":{"rendered":"","protected":false},"featured_media":2510,"comment_status":"open","ping_status":"closed","template":"","meta":{"_acf_changed":false},"product_brand":[],"product_cat":[179,169,175],"product_tag":[],"class_list":{"0":"post-2757","1":"product","2":"type-product","3":"status-publish","4":"has-post-thumbnail","6":"product_cat-monuments-granite","7":"product_cat-edge-polishing-wheels-marble-and-limestone","8":"product_cat-wheels-pizarra","9":"pa_acabado-ageing","10":"pa_conexion-wheels-with-sh-attachment-2","11":"pa_diametro-diameter-130mm","13":"first","14":"instock","15":"shipping-taxable","16":"product-type-simple"},"acf":[],"yoast_head":"<!-- This site is optimized with the Yoast SEO plugin v26.9 - https:\/\/yoast.com\/product\/yoast-seo-wordpress\/ -->\n<title>120 SH\/M14 SATINEX CR - M\u00e1rmol y calizas - Abressa Group<\/title>\n<meta name=\"robots\" content=\"index, follow, max-snippet:-1, max-image-preview:large, max-video-preview:-1\" \/>\n<link rel=\"canonical\" href=\"https:\/\/abressa.com\/en\/catalogue\/slate\/wheels-pizarra\/120-shm14-satinex-cr\/\" \/>\n<meta property=\"og:locale\" content=\"en_US\" \/>\n<meta property=\"og:type\" content=\"article\" \/>\n<meta property=\"og:title\" content=\"120 SH\/M14 SATINEX CR - M\u00e1rmol y calizas - Abressa Group\" \/>\n<meta property=\"og:url\" content=\"https:\/\/abressa.com\/en\/catalogue\/slate\/wheels-pizarra\/120-shm14-satinex-cr\/\" \/>\n<meta property=\"og:site_name\" content=\"M\u00e1rmol y calizas - Abressa Group\" \/>\n<meta property=\"article:modified_time\" content=\"2020-09-30T23:25:55+00:00\" \/>\n<meta property=\"og:image\" content=\"https:\/\/abressa.com\/wp-content\/uploads\/2017\/10\/120_SH-M14_SATINEX_CR-01.jpg\" \/>\n\t<meta property=\"og:image:width\" content=\"1024\" \/>\n\t<meta property=\"og:image:height\" content=\"768\" \/>\n\t<meta property=\"og:image:type\" content=\"image\/jpeg\" \/>\n<meta name=\"twitter:card\" content=\"summary_large_image\" \/>\n<script type=\"application\/ld+json\" class=\"yoast-schema-graph\">{\"@context\":\"https:\/\/schema.org\",\"@graph\":[{\"@type\":\"WebPage\",\"@id\":\"https:\/\/abressa.com\/en\/catalogue\/slate\/wheels-pizarra\/120-shm14-satinex-cr\/\",\"url\":\"https:\/\/abressa.com\/en\/catalogue\/slate\/wheels-pizarra\/120-shm14-satinex-cr\/\",\"name\":\"120 SH\/M14 SATINEX CR - M\u00e1rmol y calizas - Abressa Group\",\"isPartOf\":{\"@id\":\"https:\/\/abressa.com\/#website\"},\"primaryImageOfPage\":{\"@id\":\"https:\/\/abressa.com\/en\/catalogue\/slate\/wheels-pizarra\/120-shm14-satinex-cr\/#primaryimage\"},\"image\":{\"@id\":\"https:\/\/abressa.com\/en\/catalogue\/slate\/wheels-pizarra\/120-shm14-satinex-cr\/#primaryimage\"},\"thumbnailUrl\":\"https:\/\/abressa.com\/wp-content\/uploads\/2017\/10\/120_SH-M14_SATINEX_CR-01.jpg\",\"datePublished\":\"2017-10-09T13:05:38+00:00\",\"dateModified\":\"2020-09-30T23:25:55+00:00\",\"breadcrumb\":{\"@id\":\"https:\/\/abressa.com\/en\/catalogue\/slate\/wheels-pizarra\/120-shm14-satinex-cr\/#breadcrumb\"},\"inLanguage\":\"en-US\",\"potentialAction\":[{\"@type\":\"ReadAction\",\"target\":[\"https:\/\/abressa.com\/en\/catalogue\/slate\/wheels-pizarra\/120-shm14-satinex-cr\/\"]}]},{\"@type\":\"ImageObject\",\"inLanguage\":\"en-US\",\"@id\":\"https:\/\/abressa.com\/en\/catalogue\/slate\/wheels-pizarra\/120-shm14-satinex-cr\/#primaryimage\",\"url\":\"https:\/\/abressa.com\/wp-content\/uploads\/2017\/10\/120_SH-M14_SATINEX_CR-01.jpg\",\"contentUrl\":\"https:\/\/abressa.com\/wp-content\/uploads\/2017\/10\/120_SH-M14_SATINEX_CR-01.jpg\",\"width\":1024,\"height\":768},{\"@type\":\"BreadcrumbList\",\"@id\":\"https:\/\/abressa.com\/en\/catalogue\/slate\/wheels-pizarra\/120-shm14-satinex-cr\/#breadcrumb\",\"itemListElement\":[{\"@type\":\"ListItem\",\"position\":1,\"name\":\"Portada\",\"item\":\"https:\/\/abressa.com\/en\/\"},{\"@type\":\"ListItem\",\"position\":2,\"name\":\"Catalogue\",\"item\":\"https:\/\/abressa.com\/en\/catalogue\/\"},{\"@type\":\"ListItem\",\"position\":3,\"name\":\"120 SH\/M14 SATINEX CR\"}]},{\"@type\":\"WebSite\",\"@id\":\"https:\/\/abressa.com\/#website\",\"url\":\"https:\/\/abressa.com\/\",\"name\":\"M\u00e1rmol y calizas - Abressa Group\",\"description\":\"Fabricaci\u00f3n y comercializaci\u00f3n de muelas abrasivas\",\"publisher\":{\"@id\":\"https:\/\/abressa.com\/#organization\"},\"potentialAction\":[{\"@type\":\"SearchAction\",\"target\":{\"@type\":\"EntryPoint\",\"urlTemplate\":\"https:\/\/abressa.com\/?s={search_term_string}\"},\"query-input\":{\"@type\":\"PropertyValueSpecification\",\"valueRequired\":true,\"valueName\":\"search_term_string\"}}],\"inLanguage\":\"en-US\"},{\"@type\":\"Organization\",\"@id\":\"https:\/\/abressa.com\/#organization\",\"name\":\"GRUPO ABRESSA\",\"url\":\"https:\/\/abressa.com\/\",\"logo\":{\"@type\":\"ImageObject\",\"inLanguage\":\"en-US\",\"@id\":\"https:\/\/abressa.com\/#\/schema\/logo\/image\/\",\"url\":\"https:\/\/abressa.com\/wp-content\/uploads\/2017\/06\/Web_Logo_ABRESSA_group.png\",\"contentUrl\":\"https:\/\/abressa.com\/wp-content\/uploads\/2017\/06\/Web_Logo_ABRESSA_group.png\",\"width\":726,\"height\":300,\"caption\":\"GRUPO ABRESSA\"},\"image\":{\"@id\":\"https:\/\/abressa.com\/#\/schema\/logo\/image\/\"}}]}<\/script>\n<!-- \/ Yoast SEO plugin. -->","yoast_head_json":{"title":"120 SH\/M14 SATINEX CR - M\u00e1rmol y calizas - Abressa Group","robots":{"index":"index","follow":"follow","max-snippet":"max-snippet:-1","max-image-preview":"max-image-preview:large","max-video-preview":"max-video-preview:-1"},"canonical":"https:\/\/abressa.com\/en\/catalogue\/slate\/wheels-pizarra\/120-shm14-satinex-cr\/","og_locale":"en_US","og_type":"article","og_title":"120 SH\/M14 SATINEX CR - M\u00e1rmol y calizas - Abressa Group","og_url":"https:\/\/abressa.com\/en\/catalogue\/slate\/wheels-pizarra\/120-shm14-satinex-cr\/","og_site_name":"M\u00e1rmol y calizas - Abressa Group","article_modified_time":"2020-09-30T23:25:55+00:00","og_image":[{"width":1024,"height":768,"url":"https:\/\/abressa.com\/wp-content\/uploads\/2017\/10\/120_SH-M14_SATINEX_CR-01.jpg","type":"image\/jpeg"}],"twitter_card":"summary_large_image","schema":{"@context":"https:\/\/schema.org","@graph":[{"@type":"WebPage","@id":"https:\/\/abressa.com\/en\/catalogue\/slate\/wheels-pizarra\/120-shm14-satinex-cr\/","url":"https:\/\/abressa.com\/en\/catalogue\/slate\/wheels-pizarra\/120-shm14-satinex-cr\/","name":"120 SH\/M14 SATINEX CR - M\u00e1rmol y calizas - Abressa Group","isPartOf":{"@id":"https:\/\/abressa.com\/#website"},"primaryImageOfPage":{"@id":"https:\/\/abressa.com\/en\/catalogue\/slate\/wheels-pizarra\/120-shm14-satinex-cr\/#primaryimage"},"image":{"@id":"https:\/\/abressa.com\/en\/catalogue\/slate\/wheels-pizarra\/120-shm14-satinex-cr\/#primaryimage"},"thumbnailUrl":"https:\/\/abressa.com\/wp-content\/uploads\/2017\/10\/120_SH-M14_SATINEX_CR-01.jpg","datePublished":"2017-10-09T13:05:38+00:00","dateModified":"2020-09-30T23:25:55+00:00","breadcrumb":{"@id":"https:\/\/abressa.com\/en\/catalogue\/slate\/wheels-pizarra\/120-shm14-satinex-cr\/#breadcrumb"},"inLanguage":"en-US","potentialAction":[{"@type":"ReadAction","target":["https:\/\/abressa.com\/en\/catalogue\/slate\/wheels-pizarra\/120-shm14-satinex-cr\/"]}]},{"@type":"ImageObject","inLanguage":"en-US","@id":"https:\/\/abressa.com\/en\/catalogue\/slate\/wheels-pizarra\/120-shm14-satinex-cr\/#primaryimage","url":"https:\/\/abressa.com\/wp-content\/uploads\/2017\/10\/120_SH-M14_SATINEX_CR-01.jpg","contentUrl":"https:\/\/abressa.com\/wp-content\/uploads\/2017\/10\/120_SH-M14_SATINEX_CR-01.jpg","width":1024,"height":768},{"@type":"BreadcrumbList","@id":"https:\/\/abressa.com\/en\/catalogue\/slate\/wheels-pizarra\/120-shm14-satinex-cr\/#breadcrumb","itemListElement":[{"@type":"ListItem","position":1,"name":"Portada","item":"https:\/\/abressa.com\/en\/"},{"@type":"ListItem","position":2,"name":"Catalogue","item":"https:\/\/abressa.com\/en\/catalogue\/"},{"@type":"ListItem","position":3,"name":"120 SH\/M14 SATINEX CR"}]},{"@type":"WebSite","@id":"https:\/\/abressa.com\/#website","url":"https:\/\/abressa.com\/","name":"M\u00e1rmol y calizas - Abressa Group","description":"Fabricaci\u00f3n y comercializaci\u00f3n de muelas abrasivas","publisher":{"@id":"https:\/\/abressa.com\/#organization"},"potentialAction":[{"@type":"SearchAction","target":{"@type":"EntryPoint","urlTemplate":"https:\/\/abressa.com\/?s={search_term_string}"},"query-input":{"@type":"PropertyValueSpecification","valueRequired":true,"valueName":"search_term_string"}}],"inLanguage":"en-US"},{"@type":"Organization","@id":"https:\/\/abressa.com\/#organization","name":"GRUPO ABRESSA","url":"https:\/\/abressa.com\/","logo":{"@type":"ImageObject","inLanguage":"en-US","@id":"https:\/\/abressa.com\/#\/schema\/logo\/image\/","url":"https:\/\/abressa.com\/wp-content\/uploads\/2017\/06\/Web_Logo_ABRESSA_group.png","contentUrl":"https:\/\/abressa.com\/wp-content\/uploads\/2017\/06\/Web_Logo_ABRESSA_group.png","width":726,"height":300,"caption":"GRUPO ABRESSA"},"image":{"@id":"https:\/\/abressa.com\/#\/schema\/logo\/image\/"}}]}},"_links":{"self":[{"href":"https:\/\/abressa.com\/en\/wp-json\/wp\/v2\/product\/2757","targetHints":{"allow":["GET"]}}],"collection":[{"href":"https:\/\/abressa.com\/en\/wp-json\/wp\/v2\/product"}],"about":[{"href":"https:\/\/abressa.com\/en\/wp-json\/wp\/v2\/types\/product"}],"replies":[{"embeddable":true,"href":"https:\/\/abressa.com\/en\/wp-json\/wp\/v2\/comments?post=2757"}],"wp:featuredmedia":[{"embeddable":true,"href":"https:\/\/abressa.com\/en\/wp-json\/wp\/v2\/media\/2510"}],"wp:attachment":[{"href":"https:\/\/abressa.com\/en\/wp-json\/wp\/v2\/media?parent=2757"}],"wp:term":[{"taxonomy":"product_brand","embeddable":true,"href":"https:\/\/abressa.com\/en\/wp-json\/wp\/v2\/product_brand?post=2757"},{"taxonomy":"product_cat","embeddable":true,"href":"https:\/\/abressa.com\/en\/wp-json\/wp\/v2\/product_cat?post=2757"},{"taxonomy":"product_tag","embeddable":true,"href":"https:\/\/abressa.com\/en\/wp-json\/wp\/v2\/product_tag?post=2757"}],"curies":[{"name":"wp","href":"https:\/\/api.w.org\/{rel}","templated":true}]}}