{"id":2661,"date":"2026-03-03T10:32:25","date_gmt":"2026-03-03T09:32:25","guid":{"rendered":"https:\/\/abressa.bcntic.com\/catalogo\/uncategorized\/frankfurt\/"},"modified":"2026-03-03T10:32:25","modified_gmt":"2026-03-03T09:32:25","slug":"frankfurt","status":"publish","type":"product","link":"https:\/\/abressa.com\/en\/catalogo\/terrazzo-and-concrete\/segments-terrazzo-and-concrete\/frankfurt\/","title":{"rendered":"FRANKFURT"},"content":{"rendered":"","protected":false},"excerpt":{"rendered":"","protected":false},"featured_media":2664,"template":"","meta":{"_acf_changed":false},"product_brand":[],"product_cat":[405,408,474,488,492],"product_tag":[],"class_list":{"0":"post-2661","1":"product","2":"type-product","3":"status-publish","4":"has-post-thumbnail","6":"product_cat-granite","7":"product_cat-segments-granite","8":"product_cat-segments-marble-and-limestone","9":"product_cat-segments-pizarra","10":"product_cat-segments-terrazzo-and-concrete","11":"pa_acabado-polishing","12":"pa_aplicacion-polishing","13":"pa_longitud-frankfurt-en-long","15":"first","16":"instock","17":"product-type-simple"},"acf":[],"yoast_head":"<!-- This site is optimized with the Yoast SEO plugin v27.4 - https:\/\/yoast.com\/product\/yoast-seo-wordpress\/ -->\n<title>FRANKFURT - M\u00e1rmol y calizas - Abressa Group<\/title>\n<meta name=\"robots\" content=\"index, follow, max-snippet:-1, max-image-preview:large, max-video-preview:-1\" \/>\n<link rel=\"canonical\" href=\"https:\/\/abressa.com\/en\/catalogo\/terrazo-y-cemento\/segmentos-terrazo-y-cemento\/frankfurt\/\" \/>\n<meta property=\"og:locale\" content=\"en_US\" \/>\n<meta property=\"og:type\" content=\"article\" \/>\n<meta property=\"og:title\" content=\"FRANKFURT - M\u00e1rmol y calizas - Abressa Group\" \/>\n<meta property=\"og:url\" content=\"https:\/\/abressa.com\/en\/catalogo\/terrazo-y-cemento\/segmentos-terrazo-y-cemento\/frankfurt\/\" \/>\n<meta property=\"og:site_name\" content=\"M\u00e1rmol y calizas - Abressa Group\" \/>\n<meta property=\"og:image\" content=\"https:\/\/abressa.com\/wp-content\/uploads\/2026\/03\/Foto-0360-FRANKFURT-1.jpg\" \/>\n\t<meta property=\"og:image:width\" content=\"1024\" \/>\n\t<meta property=\"og:image:height\" content=\"768\" \/>\n\t<meta property=\"og:image:type\" content=\"image\/jpeg\" \/>\n<meta name=\"twitter:card\" content=\"summary_large_image\" \/>\n<script type=\"application\/ld+json\" class=\"yoast-schema-graph\">{\"@context\":\"https:\\\/\\\/schema.org\",\"@graph\":[{\"@type\":\"WebPage\",\"@id\":\"https:\\\/\\\/abressa.com\\\/en\\\/catalogo\\\/terrazo-y-cemento\\\/segmentos-terrazo-y-cemento\\\/frankfurt\\\/\",\"url\":\"https:\\\/\\\/abressa.com\\\/en\\\/catalogo\\\/terrazo-y-cemento\\\/segmentos-terrazo-y-cemento\\\/frankfurt\\\/\",\"name\":\"FRANKFURT - M\u00e1rmol y calizas - Abressa Group\",\"isPartOf\":{\"@id\":\"https:\\\/\\\/abressa.com\\\/#website\"},\"primaryImageOfPage\":{\"@id\":\"https:\\\/\\\/abressa.com\\\/en\\\/catalogo\\\/terrazo-y-cemento\\\/segmentos-terrazo-y-cemento\\\/frankfurt\\\/#primaryimage\"},\"image\":{\"@id\":\"https:\\\/\\\/abressa.com\\\/en\\\/catalogo\\\/terrazo-y-cemento\\\/segmentos-terrazo-y-cemento\\\/frankfurt\\\/#primaryimage\"},\"thumbnailUrl\":\"https:\\\/\\\/abressa.com\\\/wp-content\\\/uploads\\\/2026\\\/03\\\/Foto-0360-FRANKFURT-1.jpg\",\"datePublished\":\"2026-03-03T09:32:25+00:00\",\"breadcrumb\":{\"@id\":\"https:\\\/\\\/abressa.com\\\/en\\\/catalogo\\\/terrazo-y-cemento\\\/segmentos-terrazo-y-cemento\\\/frankfurt\\\/#breadcrumb\"},\"inLanguage\":\"en-US\",\"potentialAction\":[{\"@type\":\"ReadAction\",\"target\":[\"https:\\\/\\\/abressa.com\\\/en\\\/catalogo\\\/terrazo-y-cemento\\\/segmentos-terrazo-y-cemento\\\/frankfurt\\\/\"]}]},{\"@type\":\"ImageObject\",\"inLanguage\":\"en-US\",\"@id\":\"https:\\\/\\\/abressa.com\\\/en\\\/catalogo\\\/terrazo-y-cemento\\\/segmentos-terrazo-y-cemento\\\/frankfurt\\\/#primaryimage\",\"url\":\"https:\\\/\\\/abressa.com\\\/wp-content\\\/uploads\\\/2026\\\/03\\\/Foto-0360-FRANKFURT-1.jpg\",\"contentUrl\":\"https:\\\/\\\/abressa.com\\\/wp-content\\\/uploads\\\/2026\\\/03\\\/Foto-0360-FRANKFURT-1.jpg\",\"width\":1024,\"height\":768},{\"@type\":\"BreadcrumbList\",\"@id\":\"https:\\\/\\\/abressa.com\\\/en\\\/catalogo\\\/terrazo-y-cemento\\\/segmentos-terrazo-y-cemento\\\/frankfurt\\\/#breadcrumb\",\"itemListElement\":[{\"@type\":\"ListItem\",\"position\":1,\"name\":\"Portada\",\"item\":\"https:\\\/\\\/abressa.com\\\/en\\\/home\\\/\"},{\"@type\":\"ListItem\",\"position\":2,\"name\":\"Catalog\",\"item\":\"https:\\\/\\\/abressa.com\\\/en\\\/shop\\\/\"},{\"@type\":\"ListItem\",\"position\":3,\"name\":\"FRANKFURT\"}]},{\"@type\":\"WebSite\",\"@id\":\"https:\\\/\\\/abressa.com\\\/#website\",\"url\":\"https:\\\/\\\/abressa.com\\\/\",\"name\":\"M\u00e1rmol y calizas - Abressa Group\",\"description\":\"Fabricaci\u00f3n y comercializaci\u00f3n de muelas abrasivas\",\"publisher\":{\"@id\":\"https:\\\/\\\/abressa.com\\\/#organization\"},\"potentialAction\":[{\"@type\":\"SearchAction\",\"target\":{\"@type\":\"EntryPoint\",\"urlTemplate\":\"https:\\\/\\\/abressa.com\\\/?s={search_term_string}\"},\"query-input\":{\"@type\":\"PropertyValueSpecification\",\"valueRequired\":true,\"valueName\":\"search_term_string\"}}],\"inLanguage\":\"en-US\"},{\"@type\":\"Organization\",\"@id\":\"https:\\\/\\\/abressa.com\\\/#organization\",\"name\":\"M\u00e1rmol y calizas - Abressa Group\",\"url\":\"https:\\\/\\\/abressa.com\\\/\",\"logo\":{\"@type\":\"ImageObject\",\"inLanguage\":\"en-US\",\"@id\":\"https:\\\/\\\/abressa.com\\\/#\\\/schema\\\/logo\\\/image\\\/\",\"url\":\"https:\\\/\\\/abressa.com\\\/wp-content\\\/uploads\\\/2026\\\/02\\\/Web_Logo_ABRESSA_group.png\",\"contentUrl\":\"https:\\\/\\\/abressa.com\\\/wp-content\\\/uploads\\\/2026\\\/02\\\/Web_Logo_ABRESSA_group.png\",\"width\":726,\"height\":300,\"caption\":\"M\u00e1rmol y calizas - Abressa Group\"},\"image\":{\"@id\":\"https:\\\/\\\/abressa.com\\\/#\\\/schema\\\/logo\\\/image\\\/\"}}]}<\/script>\n<!-- \/ Yoast SEO plugin. -->","yoast_head_json":{"title":"FRANKFURT - M\u00e1rmol y calizas - Abressa Group","robots":{"index":"index","follow":"follow","max-snippet":"max-snippet:-1","max-image-preview":"max-image-preview:large","max-video-preview":"max-video-preview:-1"},"canonical":"https:\/\/abressa.com\/en\/catalogo\/terrazo-y-cemento\/segmentos-terrazo-y-cemento\/frankfurt\/","og_locale":"en_US","og_type":"article","og_title":"FRANKFURT - M\u00e1rmol y calizas - Abressa Group","og_url":"https:\/\/abressa.com\/en\/catalogo\/terrazo-y-cemento\/segmentos-terrazo-y-cemento\/frankfurt\/","og_site_name":"M\u00e1rmol y calizas - Abressa Group","og_image":[{"width":1024,"height":768,"url":"https:\/\/abressa.com\/wp-content\/uploads\/2026\/03\/Foto-0360-FRANKFURT-1.jpg","type":"image\/jpeg"}],"twitter_card":"summary_large_image","schema":{"@context":"https:\/\/schema.org","@graph":[{"@type":"WebPage","@id":"https:\/\/abressa.com\/en\/catalogo\/terrazo-y-cemento\/segmentos-terrazo-y-cemento\/frankfurt\/","url":"https:\/\/abressa.com\/en\/catalogo\/terrazo-y-cemento\/segmentos-terrazo-y-cemento\/frankfurt\/","name":"FRANKFURT - M\u00e1rmol y calizas - Abressa Group","isPartOf":{"@id":"https:\/\/abressa.com\/#website"},"primaryImageOfPage":{"@id":"https:\/\/abressa.com\/en\/catalogo\/terrazo-y-cemento\/segmentos-terrazo-y-cemento\/frankfurt\/#primaryimage"},"image":{"@id":"https:\/\/abressa.com\/en\/catalogo\/terrazo-y-cemento\/segmentos-terrazo-y-cemento\/frankfurt\/#primaryimage"},"thumbnailUrl":"https:\/\/abressa.com\/wp-content\/uploads\/2026\/03\/Foto-0360-FRANKFURT-1.jpg","datePublished":"2026-03-03T09:32:25+00:00","breadcrumb":{"@id":"https:\/\/abressa.com\/en\/catalogo\/terrazo-y-cemento\/segmentos-terrazo-y-cemento\/frankfurt\/#breadcrumb"},"inLanguage":"en-US","potentialAction":[{"@type":"ReadAction","target":["https:\/\/abressa.com\/en\/catalogo\/terrazo-y-cemento\/segmentos-terrazo-y-cemento\/frankfurt\/"]}]},{"@type":"ImageObject","inLanguage":"en-US","@id":"https:\/\/abressa.com\/en\/catalogo\/terrazo-y-cemento\/segmentos-terrazo-y-cemento\/frankfurt\/#primaryimage","url":"https:\/\/abressa.com\/wp-content\/uploads\/2026\/03\/Foto-0360-FRANKFURT-1.jpg","contentUrl":"https:\/\/abressa.com\/wp-content\/uploads\/2026\/03\/Foto-0360-FRANKFURT-1.jpg","width":1024,"height":768},{"@type":"BreadcrumbList","@id":"https:\/\/abressa.com\/en\/catalogo\/terrazo-y-cemento\/segmentos-terrazo-y-cemento\/frankfurt\/#breadcrumb","itemListElement":[{"@type":"ListItem","position":1,"name":"Portada","item":"https:\/\/abressa.com\/en\/home\/"},{"@type":"ListItem","position":2,"name":"Catalog","item":"https:\/\/abressa.com\/en\/shop\/"},{"@type":"ListItem","position":3,"name":"FRANKFURT"}]},{"@type":"WebSite","@id":"https:\/\/abressa.com\/#website","url":"https:\/\/abressa.com\/","name":"M\u00e1rmol y calizas - Abressa Group","description":"Fabricaci\u00f3n y comercializaci\u00f3n de muelas abrasivas","publisher":{"@id":"https:\/\/abressa.com\/#organization"},"potentialAction":[{"@type":"SearchAction","target":{"@type":"EntryPoint","urlTemplate":"https:\/\/abressa.com\/?s={search_term_string}"},"query-input":{"@type":"PropertyValueSpecification","valueRequired":true,"valueName":"search_term_string"}}],"inLanguage":"en-US"},{"@type":"Organization","@id":"https:\/\/abressa.com\/#organization","name":"M\u00e1rmol y calizas - Abressa Group","url":"https:\/\/abressa.com\/","logo":{"@type":"ImageObject","inLanguage":"en-US","@id":"https:\/\/abressa.com\/#\/schema\/logo\/image\/","url":"https:\/\/abressa.com\/wp-content\/uploads\/2026\/02\/Web_Logo_ABRESSA_group.png","contentUrl":"https:\/\/abressa.com\/wp-content\/uploads\/2026\/02\/Web_Logo_ABRESSA_group.png","width":726,"height":300,"caption":"M\u00e1rmol y calizas - Abressa Group"},"image":{"@id":"https:\/\/abressa.com\/#\/schema\/logo\/image\/"}}]}},"_links":{"self":[{"href":"https:\/\/abressa.com\/en\/wp-json\/wp\/v2\/product\/2661","targetHints":{"allow":["GET"]}}],"collection":[{"href":"https:\/\/abressa.com\/en\/wp-json\/wp\/v2\/product"}],"about":[{"href":"https:\/\/abressa.com\/en\/wp-json\/wp\/v2\/types\/product"}],"wp:featuredmedia":[{"embeddable":true,"href":"https:\/\/abressa.com\/en\/wp-json\/wp\/v2\/media\/2664"}],"wp:attachment":[{"href":"https:\/\/abressa.com\/en\/wp-json\/wp\/v2\/media?parent=2661"}],"wp:term":[{"taxonomy":"product_brand","embeddable":true,"href":"https:\/\/abressa.com\/en\/wp-json\/wp\/v2\/product_brand?post=2661"},{"taxonomy":"product_cat","embeddable":true,"href":"https:\/\/abressa.com\/en\/wp-json\/wp\/v2\/product_cat?post=2661"},{"taxonomy":"product_tag","embeddable":true,"href":"https:\/\/abressa.com\/en\/wp-json\/wp\/v2\/product_tag?post=2661"}],"curies":[{"name":"wp","href":"https:\/\/api.w.org\/{rel}","templated":true}]}}